{"id":18736,"date":"2026-05-14T18:31:55","date_gmt":"2026-05-14T22:31:55","guid":{"rendered":"https:\/\/neurodezign.com\/?page_id=18736"},"modified":"2026-05-14T18:41:26","modified_gmt":"2026-05-14T22:41:26","slug":"learning-disability","status":"publish","type":"page","link":"https:\/\/neurodezign.com\/en\/expertise\/learning-disability\/","title":{"rendered":"Learning Disability"},"content":{"rendered":"\t\t<div data-elementor-type=\"wp-page\" data-elementor-id=\"18736\" class=\"elementor elementor-18736 elementor-4877\" data-elementor-post-type=\"page\">\n\t\t\t\t\t\t<section data-dce-background-image-url=\"https:\/\/neurodezign.com\/wp-content\/uploads\/2021\/04\/VVD-1.jpg\" class=\"elementor-section elementor-top-section elementor-element elementor-element-2d4e413 elementor-section-height-min-height elementor-section-boxed elementor-section-height-default elementor-section-items-middle\" data-id=\"2d4e413\" data-element_type=\"section\" data-e-type=\"section\" data-settings=\"{&quot;background_background&quot;:&quot;classic&quot;,&quot;jet_parallax_layout_list&quot;:[]}\">\n\t\t\t\t\t\t\t<div class=\"elementor-background-overlay\"><\/div>\n\t\t\t\t\t\t\t<div class=\"elementor-container elementor-column-gap-default\">\n\t\t\t\t\t<div class=\"elementor-column elementor-col-100 elementor-top-column elementor-element elementor-element-05161a0\" data-id=\"05161a0\" data-element_type=\"column\" data-e-type=\"column\">\n\t\t\t<div class=\"elementor-widget-wrap elementor-element-populated\">\n\t\t\t\t\t\t<div data-dce-title-color=\"#FFFFFF\" class=\"elementor-element elementor-element-750a8d3 elementor-widget elementor-widget-heading\" data-id=\"750a8d3\" data-element_type=\"widget\" data-e-type=\"widget\" data-widget_type=\"heading.default\">\n\t\t\t\t<div class=\"elementor-widget-container\">\n\t\t\t\t\t<h1 class=\"elementor-heading-title elementor-size-default\">Learning Disability Support Clinic<\/h1>\t\t\t\t<\/div>\n\t\t\t\t<\/div>\n\t\t\t\t<div class=\"elementor-element elementor-element-e731812 elementor-align-center elementor-widget elementor-widget-button\" data-id=\"e731812\" data-element_type=\"widget\" data-e-type=\"widget\" data-widget_type=\"button.default\">\n\t\t\t\t<div class=\"elementor-widget-container\">\n\t\t\t\t\t\t\t\t\t<div class=\"elementor-button-wrapper\">\n\t\t\t\t\t<a class=\"elementor-button elementor-button-link elementor-size-sm\" href=\"https:\/\/neurodezign.com\/en\/contact\/\">\n\t\t\t\t\t\t<span class=\"elementor-button-content-wrapper\">\n\t\t\t\t\t\t\t\t\t<span class=\"elementor-button-text\">Book a consultation<\/span>\n\t\t\t\t\t<\/span>\n\t\t\t\t\t<\/a>\n\t\t\t\t<\/div>\n\t\t\t\t\t\t\t\t<\/div>\n\t\t\t\t<\/div>\n\t\t\t\t\t<\/div>\n\t\t<\/div>\n\t\t\t\t\t<\/div>\n\t\t<\/section>\n\t\t\t\t<section class=\"elementor-section elementor-top-section elementor-element elementor-element-9450d9f elementor-section-boxed elementor-section-height-default elementor-section-height-default\" data-id=\"9450d9f\" data-element_type=\"section\" data-e-type=\"section\" id=\"an\" data-settings=\"{&quot;jet_parallax_layout_list&quot;:[]}\">\n\t\t\t\t\t\t<div class=\"elementor-container elementor-column-gap-no\">\n\t\t\t\t\t<div class=\"elementor-column elementor-col-100 elementor-top-column elementor-element elementor-element-b30ddc2\" data-id=\"b30ddc2\" data-element_type=\"column\" data-e-type=\"column\">\n\t\t\t<div class=\"elementor-widget-wrap elementor-element-populated\">\n\t\t\t\t\t\t<div data-dce-title-color=\"#626262\" class=\"elementor-element elementor-element-00f7984 elementor-widget elementor-widget-heading\" data-id=\"00f7984\" data-element_type=\"widget\" data-e-type=\"widget\" data-widget_type=\"heading.default\">\n\t\t\t\t<div class=\"elementor-widget-container\">\n\t\t\t\t\t<h2 class=\"elementor-heading-title elementor-size-default\">The Basics of Learning Disabilities in Children<\/h2>\t\t\t\t<\/div>\n\t\t\t\t<\/div>\n\t\t\t\t<div class=\"elementor-element elementor-element-09f9c4b elementor-widget elementor-widget-text-editor\" data-id=\"09f9c4b\" data-element_type=\"widget\" data-e-type=\"widget\" data-widget_type=\"text-editor.default\">\n\t\t\t\t<div class=\"elementor-widget-container\">\n\t\t\t\t\t\t\t\t\t<p>Understanding learning disabilities is essential to support each child&#8217;s development. These disabilities can vary from mild learning difficulties to more complex problems, including a possible intellectual deficit. A learning disability can affect various areas, whether reading, writing, or mathematics, creating significant obstacles in the child&#8217;s educational process. At Neurodezign, our approach aims to identify these learning disabilities early and implement adaptive strategies to help each child succeed. Children with learning disabilities may have average or above-average intelligence, but they encounter disorders that hinder their potential. By working together, parents and professionals can better understand and support children facing learning disabilities, creating an environment conducive to their educational development.<\/p><p>ADHD assessment includes behavioural observation and standardized tests to diagnose this disorder. It is important to note that symptoms and their intensity can vary from one child to another.<\/p>\t\t\t\t\t\t\t\t<\/div>\n\t\t\t\t<\/div>\n\t\t\t\t<div class=\"elementor-element elementor-element-57f0db4 elementor-align-center ESP elementor-widget elementor-widget-button\" data-id=\"57f0db4\" data-element_type=\"widget\" data-e-type=\"widget\" data-widget_type=\"button.default\">\n\t\t\t\t<div class=\"elementor-widget-container\">\n\t\t\t\t\t\t\t\t\t<div class=\"elementor-button-wrapper\">\n\t\t\t\t\t<a class=\"elementor-button elementor-button-link elementor-size-sm\" href=\"https:\/\/neurodezign.com\/en\/contact\/\">\n\t\t\t\t\t\t<span class=\"elementor-button-content-wrapper\">\n\t\t\t\t\t\t\t\t\t<span class=\"elementor-button-text\">CONTACT US<\/span>\n\t\t\t\t\t<\/span>\n\t\t\t\t\t<\/a>\n\t\t\t\t<\/div>\n\t\t\t\t\t\t\t\t<\/div>\n\t\t\t\t<\/div>\n\t\t\t\t\t<\/div>\n\t\t<\/div>\n\t\t\t\t\t<\/div>\n\t\t<\/section>\n\t\t\t\t<section data-dce-background-color=\"#F7F7F7\" class=\"elementor-section elementor-top-section elementor-element elementor-element-f587c6d elementor-section-boxed elementor-section-height-default elementor-section-height-default\" data-id=\"f587c6d\" data-element_type=\"section\" data-e-type=\"section\" id=\"tda\" data-settings=\"{&quot;background_background&quot;:&quot;classic&quot;,&quot;jet_parallax_layout_list&quot;:[]}\">\n\t\t\t\t\t\t<div class=\"elementor-container elementor-column-gap-no\">\n\t\t\t\t\t<div class=\"elementor-column elementor-col-50 elementor-top-column elementor-element elementor-element-79282de\" data-id=\"79282de\" data-element_type=\"column\" data-e-type=\"column\">\n\t\t\t<div class=\"elementor-widget-wrap elementor-element-populated\">\n\t\t\t\t\t\t<div data-dce-title-color=\"#626262\" class=\"elementor-element elementor-element-8bde220 elementor-widget elementor-widget-heading\" data-id=\"8bde220\" data-element_type=\"widget\" data-e-type=\"widget\" data-widget_type=\"heading.default\">\n\t\t\t\t<div class=\"elementor-widget-container\">\n\t\t\t\t\t<h3 class=\"elementor-heading-title elementor-size-default\">Understanding the Impact of Learning Disabilities on Executive Functions<\/h3>\t\t\t\t<\/div>\n\t\t\t\t<\/div>\n\t\t\t\t<div class=\"elementor-element elementor-element-fb1ca81 elementor-widget elementor-widget-text-editor\" data-id=\"fb1ca81\" data-element_type=\"widget\" data-e-type=\"widget\" data-widget_type=\"text-editor.default\">\n\t\t\t\t<div class=\"elementor-widget-container\">\n\t\t\t\t\t\t\t\t\t<p dir=\"ltr\" style=\"line-height: 1.38; margin-top: 0pt; margin-bottom: 10pt; text-align: left;\">Learning disabilities can significantly alter executive functions, which are essential for managing adaptive behaviours and achieving goals. In children facing a specific learning disability, difficulties in planning, organization, as well as attention and emotion regulation are frequently observed. These challenges can be aggravated in the presence of hyperactivity, which further disrupts the ability to maintain concentration on tasks or activities. Underlying neurological disorders can not only affect the child&#8217;s academic journey, but also influence their social interactions and self-esteem. Recognizing and understanding these disorders is crucial to provide adequate support and promote better school and daily adaptation.<\/p>\t\t\t\t\t\t\t\t<\/div>\n\t\t\t\t<\/div>\n\t\t\t\t<div class=\"elementor-element elementor-element-05236eb elementor-align-left ESP elementor-widget elementor-widget-button\" data-id=\"05236eb\" data-element_type=\"widget\" data-e-type=\"widget\" data-widget_type=\"button.default\">\n\t\t\t\t<div class=\"elementor-widget-container\">\n\t\t\t\t\t\t\t\t\t<div class=\"elementor-button-wrapper\">\n\t\t\t\t\t<a class=\"elementor-button elementor-button-link elementor-size-sm\" href=\"https:\/\/neurodezign.com\/en\/contact\/\">\n\t\t\t\t\t\t<span class=\"elementor-button-content-wrapper\">\n\t\t\t\t\t\t\t\t\t<span class=\"elementor-button-text\">CONTACT US<\/span>\n\t\t\t\t\t<\/span>\n\t\t\t\t\t<\/a>\n\t\t\t\t<\/div>\n\t\t\t\t\t\t\t\t<\/div>\n\t\t\t\t<\/div>\n\t\t\t\t\t<\/div>\n\t\t<\/div>\n\t\t\t\t<div data-dce-background-image-url=\"https:\/\/neurodezign.com\/wp-content\/uploads\/2022\/03\/Neuro-design-psychoeducation-1.jpg\" class=\"elementor-column elementor-col-50 elementor-top-column elementor-element elementor-element-f581fec\" data-id=\"f581fec\" data-element_type=\"column\" data-e-type=\"column\" data-settings=\"{&quot;background_background&quot;:&quot;classic&quot;}\">\n\t\t\t<div class=\"elementor-widget-wrap elementor-element-populated\">\n\t\t\t\t\t\t<div class=\"elementor-element elementor-element-0694ace elementor-widget elementor-widget-spacer\" data-id=\"0694ace\" data-element_type=\"widget\" data-e-type=\"widget\" data-widget_type=\"spacer.default\">\n\t\t\t\t<div class=\"elementor-widget-container\">\n\t\t\t\t\t\t\t<div class=\"elementor-spacer\">\n\t\t\t<div class=\"elementor-spacer-inner\"><\/div>\n\t\t<\/div>\n\t\t\t\t\t\t<\/div>\n\t\t\t\t<\/div>\n\t\t\t\t\t<\/div>\n\t\t<\/div>\n\t\t\t\t\t<\/div>\n\t\t<\/section>\n\t\t\t\t<section data-dce-background-color=\"#FFFFFF\" class=\"elementor-section elementor-top-section elementor-element elementor-element-aecf396 elementor-section-boxed elementor-section-height-default elementor-section-height-default\" data-id=\"aecf396\" data-element_type=\"section\" data-e-type=\"section\" id=\"com\" data-settings=\"{&quot;background_background&quot;:&quot;classic&quot;,&quot;jet_parallax_layout_list&quot;:[]}\">\n\t\t\t\t\t\t<div class=\"elementor-container elementor-column-gap-no\">\n\t\t\t\t\t<div class=\"elementor-column elementor-col-100 elementor-top-column elementor-element elementor-element-6bac886\" data-id=\"6bac886\" data-element_type=\"column\" data-e-type=\"column\">\n\t\t\t<div class=\"elementor-widget-wrap elementor-element-populated\">\n\t\t\t\t\t\t<div data-dce-title-color=\"#626262\" class=\"elementor-element elementor-element-eba9b05 elementor-widget elementor-widget-heading\" data-id=\"eba9b05\" data-element_type=\"widget\" data-e-type=\"widget\" data-widget_type=\"heading.default\">\n\t\t\t\t<div class=\"elementor-widget-container\">\n\t\t\t\t\t<h2 class=\"elementor-heading-title elementor-size-default\">Comorbidities Associated with Learning Disabilities<\/h2>\t\t\t\t<\/div>\n\t\t\t\t<\/div>\n\t\t\t\t<section class=\"elementor-section elementor-inner-section elementor-element elementor-element-82188c0 elementor-hidden-tablet elementor-section-boxed elementor-section-height-default elementor-section-height-default\" data-id=\"82188c0\" data-element_type=\"section\" data-e-type=\"section\" data-settings=\"{&quot;jet_parallax_layout_list&quot;:[]}\">\n\t\t\t\t\t\t<div class=\"elementor-container elementor-column-gap-no\">\n\t\t\t\t\t<div class=\"elementor-column elementor-col-100 elementor-inner-column elementor-element elementor-element-364866b\" data-id=\"364866b\" data-element_type=\"column\" data-e-type=\"column\">\n\t\t\t<div class=\"elementor-widget-wrap elementor-element-populated\">\n\t\t\t\t\t\t<div class=\"elementor-element elementor-element-d732f7f elementor-widget elementor-widget-text-editor\" data-id=\"d732f7f\" data-element_type=\"widget\" data-e-type=\"widget\" data-widget_type=\"text-editor.default\">\n\t\t\t\t<div class=\"elementor-widget-container\">\n\t\t\t\t\t\t\t\t\t<p style=\"text-align: center;\">Children with learning disabilities frequently encounter difficulties that are not limited to a specific learning disability. These difficulties can coexist with other comorbidities, profoundly affecting their educational and social journey. Common comorbidities include hyperactivity and deficits in executive functions. It is crucial to recognize these associations in order to offer specific and adapted support. Neurodezign emphasizes the importance of diagnosing not only the main learning disability but also additional disorders so that teaching strategies are truly effective. These approaches can include differentiated methods in reading, writing, and mathematics, in order to overcome these multidimensional difficulties and optimize each child&#8217;s learning potential.<\/p>\t\t\t\t\t\t\t\t<\/div>\n\t\t\t\t<\/div>\n\t\t\t\t\t<\/div>\n\t\t<\/div>\n\t\t\t\t\t<\/div>\n\t\t<\/section>\n\t\t\t\t\t<\/div>\n\t\t<\/div>\n\t\t\t\t\t<\/div>\n\t\t<\/section>\n\t\t<div class=\"elementor-element elementor-element-4cd3cb8 e-con-full e-flex e-con e-parent\" data-id=\"4cd3cb8\" data-element_type=\"container\" data-e-type=\"container\" data-settings=\"{&quot;jet_parallax_layout_list&quot;:[]}\">\n\t\t\t\t<div class=\"elementor-element elementor-element-0e445dc elementor-widget elementor-widget-shortcode\" data-id=\"0e445dc\" data-element_type=\"widget\" data-e-type=\"widget\" data-widget_type=\"shortcode.default\">\n\t\t\t\t<div class=\"elementor-widget-container\">\n\t\t\t\t\t\t\t<div class=\"elementor-shortcode\">\t\t<div data-elementor-type=\"container\" data-elementor-id=\"14007\" class=\"elementor elementor-14007 elementor-14003 elementor-14003\" data-elementor-post-type=\"elementor_library\">\n\t\t\t\t<div class=\"elementor-element elementor-element-1c128659 e-flex e-con-boxed e-con e-parent\" data-id=\"1c128659\" data-element_type=\"container\" data-e-type=\"container\" data-settings=\"{&quot;background_background&quot;:&quot;gradient&quot;,&quot;jet_parallax_layout_list&quot;:[]}\">\n\t\t\t\t\t<div class=\"e-con-inner\">\n\t\t\t\t<div class=\"elementor-element elementor-element-5a5467b3 elementor-widget elementor-widget-heading\" data-id=\"5a5467b3\" data-element_type=\"widget\" data-e-type=\"widget\" data-widget_type=\"heading.default\">\n\t\t\t\t<div class=\"elementor-widget-container\">\n\t\t\t\t\t<h2 class=\"elementor-heading-title elementor-size-default\">Get in touch today<\/h2>\t\t\t\t<\/div>\n\t\t\t\t<\/div>\n\t\t\t\t<div class=\"elementor-element elementor-element-5b780812 elementor-widget elementor-widget-text-editor\" data-id=\"5b780812\" data-element_type=\"widget\" data-e-type=\"widget\" data-widget_type=\"text-editor.default\">\n\t\t\t\t<div class=\"elementor-widget-container\">\n\t\t\t\t\t\t\t\t\tContact our team to get more information or schedule a consultation.\t\t\t\t\t\t\t\t<\/div>\n\t\t\t\t<\/div>\n\t\t\t\t<div class=\"elementor-element elementor-element-337684c0 elementor-align-center elementor-widget elementor-widget-button\" data-id=\"337684c0\" data-element_type=\"widget\" data-e-type=\"widget\" data-widget_type=\"button.default\">\n\t\t\t\t<div class=\"elementor-widget-container\">\n\t\t\t\t\t\t\t\t\t<div class=\"elementor-button-wrapper\">\n\t\t\t\t\t<a class=\"elementor-button elementor-button-link elementor-size-sm\" href=\"https:\/\/neurodezign.com\/en\/contact\/\">\n\t\t\t\t\t\t<span class=\"elementor-button-content-wrapper\">\n\t\t\t\t\t\t\t\t\t<span class=\"elementor-button-text\">Contact us<\/span>\n\t\t\t\t\t<\/span>\n\t\t\t\t\t<\/a>\n\t\t\t\t<\/div>\n\t\t\t\t\t\t\t\t<\/div>\n\t\t\t\t<\/div>\n\t\t\t\t\t<\/div>\n\t\t\t\t<\/div>\n\t\t\t\t<\/div>\n\t\t<\/div>\n\t\t\t\t\t\t<\/div>\n\t\t\t\t<\/div>\n\t\t\t\t<\/div>\n\t\t<div class=\"elementor-element elementor-element-d27fbeb e-flex e-con-boxed e-con e-parent\" data-id=\"d27fbeb\" data-element_type=\"container\" data-e-type=\"container\" data-settings=\"{&quot;jet_parallax_layout_list&quot;:[]}\">\n\t\t\t\t\t<div class=\"e-con-inner\">\n\t\t\t\t<div class=\"elementor-element elementor-element-3f71789 elementor-widget elementor-widget-html\" data-id=\"3f71789\" data-element_type=\"widget\" data-e-type=\"widget\" data-widget_type=\"html.default\">\n\t\t\t\t<div class=\"elementor-widget-container\">\n\t\t\t\t\t<script type=\"application\/ld+json\">\r\n{\r\n  \"@context\": \"https:\/\/schema.org\",\r\n  \"@type\": \"FAQPage\",\r\n  \"mainEntity\": [\r\n    {\r\n      \"@type\": \"Question\",\r\n      \"name\": \"Quels sont les cinq troubles d'apprentissage ?\",\r\n      \"acceptedAnswer\": {\r\n        \"@type\": \"Answer\",\r\n        \"text\": \"Les cinq troubles d\u2019apprentissage les plus fr\u00e9quemment identifi\u00e9s sont : la dyslexie (difficult\u00e9s de lecture), la dysorthographie (difficult\u00e9s d\u2019\u00e9criture et d\u2019orthographe), la dyscalculie (difficult\u00e9s avec les chiffres et les math\u00e9matiques), la dysgraphie (troubles de l\u2019\u00e9criture manuscrite) et la dyspraxie (troubles de la coordination motrice).\"\r\n      }\r\n    },\r\n    {\r\n      \"@type\": \"Question\",\r\n      \"name\": \"Quels sont les troubles d'apprentissage ?\",\r\n      \"acceptedAnswer\": {\r\n        \"@type\": \"Answer\",\r\n        \"text\": \"Les troubles d\u2019apprentissage regroupent plusieurs difficult\u00e9s sp\u00e9cifiques qui affectent la lecture, l\u2019\u00e9criture, le calcul ou la coordination. Ils incluent notamment la dyslexie, la dysorthographie, la dyscalculie, la dysgraphie, la dyspraxie, mais aussi certains troubles du langage oral comme la dysphasie.\"\r\n      }\r\n    },\r\n    {\r\n      \"@type\": \"Question\",\r\n      \"name\": \"Quels sont les 10 troubles sp\u00e9cifiques de l'apprentissage ?\",\r\n      \"acceptedAnswer\": {\r\n        \"@type\": \"Answer\",\r\n        \"text\": \"Parmi les troubles sp\u00e9cifiques de l\u2019apprentissage, on retrouve : la dyslexie, la dysorthographie, la dysgraphie, la dyscalculie, la dyspraxie, la dysphasie, le TDAH (trouble du d\u00e9ficit de l\u2019attention avec ou sans hyperactivit\u00e9), les troubles de la m\u00e9moire de travail, les troubles de la compr\u00e9hension verbale et les troubles de la motricit\u00e9 fine.\"\r\n      }\r\n    },\r\n    {\r\n      \"@type\": \"Question\",\r\n      \"name\": \"Quels sont les 4 types d'apprentissage ?\",\r\n      \"acceptedAnswer\": {\r\n        \"@type\": \"Answer\",\r\n        \"text\": \"On distingue g\u00e9n\u00e9ralement quatre grands types d\u2019apprentissage : l\u2019apprentissage visuel (par l\u2019observation), l\u2019apprentissage auditif (par l\u2019\u00e9coute), l\u2019apprentissage kinesth\u00e9sique (par la pratique et le mouvement) et l\u2019apprentissage par la lecture\/\u00e9criture.\"\r\n      }\r\n    },\r\n    {\r\n      \"@type\": \"Question\",\r\n      \"name\": \"Comment reconna\u00eetre un trouble d'apprentissage ?\",\r\n      \"acceptedAnswer\": {\r\n        \"@type\": \"Answer\",\r\n        \"text\": \"Un trouble d\u2019apprentissage se reconna\u00eet par des difficult\u00e9s persistantes dans certains domaines malgr\u00e9 les efforts fournis. Par exemple : lenteur ou erreurs fr\u00e9quentes en lecture, probl\u00e8mes \u00e0 retenir les tables de multiplication, \u00e9criture illisible ou incoh\u00e9rente, ou encore une grande difficult\u00e9 \u00e0 organiser ses id\u00e9es. Une \u00e9valuation sp\u00e9cialis\u00e9e permet de confirmer le diagnostic.\"\r\n      }\r\n    },\r\n    {\r\n      \"@type\": \"Question\",\r\n      \"name\": \"Quelles sont les causes des troubles d'apprentissage ?\",\r\n      \"acceptedAnswer\": {\r\n        \"@type\": \"Answer\",\r\n        \"text\": \"Les causes des troubles d\u2019apprentissage sont multiples. Elles peuvent \u00eatre d\u2019origine neurologique (fonctionnement c\u00e9r\u00e9bral particulier), g\u00e9n\u00e9tique (h\u00e9r\u00e9dit\u00e9), environnementale (stimulation et contexte scolaire) ou li\u00e9es \u00e0 des troubles associ\u00e9s comme le TDAH. Ce ne sont pas des signes de manque d\u2019intelligence mais des diff\u00e9rences dans la mani\u00e8re d\u2019apprendre.\"\r\n      }\r\n    }\r\n  ]\r\n}\r\n<\/script>\r\n\t\t\t\t<\/div>\n\t\t\t\t<\/div>\n\t\t\t\t\t<\/div>\n\t\t\t\t<\/div>\n\t\t\t\t<\/div>\n\t\t","protected":false},"excerpt":{"rendered":"<p>Learning Disability Support Clinic Book a consultation The Basics of Learning Disabilities in Children Understanding learning disabilities is essential to support each child&#8217;s development. These disabilities can vary from mild learning difficulties to more complex problems, including a possible intellectual deficit. A learning disability can affect various areas, whether reading, writing, or mathematics, creating significant [&hellip;]<\/p>\n","protected":false},"author":1,"featured_media":0,"parent":2549,"menu_order":0,"comment_status":"closed","ping_status":"closed","template":"elementor_header_footer","meta":{"_acf_changed":false,"_seopress_robots_primary_cat":"","_seopress_titles_title":"Learning Disability Assessment & Support - Brossard & Laval","_seopress_titles_desc":"Expert learning disability diagnosis in Brossard and Laval. Comprehensive assessments for reading, writing, math difficulties and executive functions.","_seopress_robots_index":"","footnotes":""},"class_list":["post-18736","page","type-page","status-publish"],"acf":[],"_links":{"self":[{"href":"https:\/\/neurodezign.com\/en\/wp-json\/wp\/v2\/pages\/18736","targetHints":{"allow":["GET"]}}],"collection":[{"href":"https:\/\/neurodezign.com\/en\/wp-json\/wp\/v2\/pages"}],"about":[{"href":"https:\/\/neurodezign.com\/en\/wp-json\/wp\/v2\/types\/page"}],"author":[{"embeddable":true,"href":"https:\/\/neurodezign.com\/en\/wp-json\/wp\/v2\/users\/1"}],"replies":[{"embeddable":true,"href":"https:\/\/neurodezign.com\/en\/wp-json\/wp\/v2\/comments?post=18736"}],"version-history":[{"count":5,"href":"https:\/\/neurodezign.com\/en\/wp-json\/wp\/v2\/pages\/18736\/revisions"}],"predecessor-version":[{"id":18745,"href":"https:\/\/neurodezign.com\/en\/wp-json\/wp\/v2\/pages\/18736\/revisions\/18745"}],"up":[{"embeddable":true,"href":"https:\/\/neurodezign.com\/en\/wp-json\/wp\/v2\/pages\/2549"}],"wp:attachment":[{"href":"https:\/\/neurodezign.com\/en\/wp-json\/wp\/v2\/media?parent=18736"}],"curies":[{"name":"wp","href":"https:\/\/api.w.org\/{rel}","templated":true}]}}